{"id":23,"date":"2023-09-09T09:23:02","date_gmt":"2023-09-09T09:23:02","guid":{"rendered":"https:\/\/www.hotelchateauverdon.fr\/?page_id=23"},"modified":"2023-09-16T12:15:41","modified_gmt":"2023-09-16T12:15:41","slug":"lhotel-du-vieux-chateau-a-aiguines","status":"publish","type":"page","link":"https:\/\/www.hotelchateauverdon.fr\/index.php\/lhotel-du-vieux-chateau-a-aiguines\/","title":{"rendered":"L&rsquo;h\u00f4tel"},"content":{"rendered":"\n<div class=\"wp-block-media-text alignfull is-stacked-on-mobile is-image-fill has-base-background-color has-background has-normal-font-size\" style=\"margin-top:var(--wp--preset--spacing--50);margin-right:var(--wp--preset--spacing--50);margin-bottom:var(--wp--preset--spacing--50);margin-left:var(--wp--preset--spacing--50);grid-template-columns:40% auto\"><figure class=\"wp-block-media-text__media\" style=\"background-image:url(https:\/\/www.hotelchateauverdon.fr\/wp-content\/uploads\/2023\/02\/MR_vieux-chateau-160-950x640-1.jpg);background-position:17% 56%\"><img loading=\"lazy\" decoding=\"async\" width=\"950\" height=\"640\" src=\"https:\/\/www.hotelchateauverdon.fr\/wp-content\/uploads\/2023\/02\/MR_vieux-chateau-160-950x640-1.jpg\" alt=\"\" class=\"wp-image-99 size-full\" srcset=\"https:\/\/www.hotelchateauverdon.fr\/wp-content\/uploads\/2023\/02\/MR_vieux-chateau-160-950x640-1.jpg 950w, https:\/\/www.hotelchateauverdon.fr\/wp-content\/uploads\/2023\/02\/MR_vieux-chateau-160-950x640-1-300x202.jpg 300w, https:\/\/www.hotelchateauverdon.fr\/wp-content\/uploads\/2023\/02\/MR_vieux-chateau-160-950x640-1-768x517.jpg 768w\" sizes=\"auto, (max-width: 950px) 100vw, 950px\" \/><\/figure><div class=\"wp-block-media-text__content\">\n<p class=\"has-contrast-color has-text-color has-small-font-size\">L\u2019<strong>h\u00f4tel du Vieux ch\u00e2teau<\/strong>, situ\u00e9 dans les&nbsp;<strong>Gorges du Verdon<\/strong>, au coeur du ravissant village proven\u00e7al d\u2019<strong>Aiguines<\/strong>, accueille depuis plus d\u2019une trentaine d\u2019ann\u00e9es, des touristes venant du monde entier.&nbsp;<br>En effet, ce b\u00e2timent anciennement relais de poste au XVIII\u00e8 si\u00e8cle est situ\u00e9 en face de la fontaine du village, qui permet aux passants d\u2019appr\u00e9cier \u00e0 l\u2019ombre du platane la fra\u00eecheur et le joli roulis de l\u2019eau.&nbsp;<\/p>\n\n\n\n<p class=\"has-contrast-color has-text-color has-small-font-size\">Un peu plus loin, sur un banc, depuis le parvis de la mairie, on peut admirer le&nbsp;<strong>lac de Sainte-Croix<\/strong> et au loin le&nbsp;<strong>plateau de Valensole<\/strong>&nbsp;o\u00f9, quand vient l&rsquo;\u00e9t\u00e9, bleuit la lavande.&nbsp;<br>Disposant d\u2019une dizaine de&nbsp;<em>chambres<\/em>&nbsp;confortables et calmes, avec vue sur le village ou sur le lac, l\u2019<em>h\u00f4tel<\/em>&nbsp;ouvre ses portes de Mai \u00e0 Septembre<\/p>\n\n\n\n<p class=\"has-contrast-color has-text-color has-small-font-size\">Le&nbsp;<strong>restaurant<\/strong>&nbsp;propose des sp\u00e9cialit\u00e9s proven\u00e7ales et des plats v\u00e9g\u00e9tariens confectionn\u00e9s avec des produits du terroir tout en privil\u00e9giant l\u2019agriculture et l\u2019\u00e9levage biologique, dans la mesure du possible.<\/p>\n\n\n\n<p class=\"has-contrast-color has-text-color has-small-font-size\">C\u00f4t\u00e9 <strong>bar<\/strong>, nous vous proposons des cr\u00e8mes glac\u00e9es, des p\u00e2tisseries <em>faites maison<\/em>, une large gamme de boissons chaudes et froides, et de la bi\u00e8re* des<strong>&nbsp;Gorges du Verdon<\/strong>.<\/p>\n\n\n\n<p class=\"has-contrast-color has-text-color has-small-font-size\">Le <strong>Vieux Ch\u00e2teau<\/strong>&nbsp;vous propose une connexion WIFI dans l&rsquo;h\u00f4tel.<br>Les animaux de compagnie sont les bienvenus en suppl\u00e9ment. <\/p>\n<\/div><\/div>\n\n\n\n<p class=\"has-text-align-center\"><strong>L&rsquo;h\u00f4tel, les chambres<\/strong><\/p>\n\n\n\n<p class=\"has-text-align-center has-contrast-color has-text-color has-normal-font-size\">L&rsquo;h\u00f4tel du Vieux Ch\u00e2teau vous propose des chambres \u00e0 l\u2019ambiance proven\u00e7ale, ayant chacune son propre charme. Toutes sont \u00e9quip\u00e9es d\u2019une salle de bain avec s\u00e8che cheveux, d\u2019une t\u00e9l\u00e9vision et d&rsquo;une connexion internet wifi. Les chambres sont toutes dot\u00e9es d\u2019une jolie vue sur le village et certaines sur le lac de Sainte-croix. La literie est de tr\u00e8s bonne qualit\u00e9 offrant un vrai confort de sommeil.<\/p>\n\n\n\n<div class=\"wp-block-columns alignfull is-layout-flex wp-container-core-columns-is-layout-28f84493 wp-block-columns-is-layout-flex\">\n<div class=\"wp-block-column is-layout-flow wp-block-column-is-layout-flow\">\n<p class=\"has-text-align-center\"><strong>Chambre Double Confort<\/strong><\/p>\n\n\n\n<div class=\"wp-block-group has-global-padding is-layout-constrained wp-block-group-is-layout-constrained\">\n<figure class=\"wp-block-gallery has-nested-images columns-default is-cropped wp-block-gallery-1 is-layout-flex wp-block-gallery-is-layout-flex\">\n<figure class=\"wp-block-image size-full is-style-default\"><img loading=\"lazy\" decoding=\"async\" width=\"950\" height=\"640\" data-id=\"321\" src=\"https:\/\/www.hotelchateauverdon.fr\/wp-content\/uploads\/2023\/09\/DSC_0260-950x640-3.jpg\" alt=\"\" class=\"wp-image-321\" srcset=\"https:\/\/www.hotelchateauverdon.fr\/wp-content\/uploads\/2023\/09\/DSC_0260-950x640-3.jpg 950w, https:\/\/www.hotelchateauverdon.fr\/wp-content\/uploads\/2023\/09\/DSC_0260-950x640-3-300x202.jpg 300w, https:\/\/www.hotelchateauverdon.fr\/wp-content\/uploads\/2023\/09\/DSC_0260-950x640-3-768x517.jpg 768w\" sizes=\"auto, (max-width: 950px) 100vw, 950px\" \/><\/figure>\n<\/figure>\n<\/div>\n\n\n\n<p class=\"has-contrast-color has-text-color has-small-font-size\"><em>Nos chambres sont situ\u00e9es au 2 \u00e8me \u00e9tage avec vue sur la place et les toits du village.<br>Vous disposez : Connexion wifi gratuite*, Lit double 140x200cm, Salle de bain avec douche, S\u00e8che-cheveux.<\/em><br><em>Dans la m\u00eame gamme nous proposons \u00e9galement la chambre standard dite \u00ab\u00a0studio\u00a0\u00bb avec kitchenette  et sortie directe dans la rue, pour les personnes souhaitant \u00eatre ind\u00e9pendantes pendant leur s\u00e9jour (sous r\u00e9serve de disponibilit\u00e9).<\/em><\/p>\n<\/div>\n\n\n\n<div class=\"wp-block-column is-layout-flow wp-block-column-is-layout-flow\">\n<p class=\"has-text-align-center\"><strong>Chambre Double Standard<\/strong><\/p>\n\n\n\n<div class=\"wp-block-group has-global-padding is-layout-constrained wp-block-group-is-layout-constrained\">\n<figure class=\"wp-block-gallery has-nested-images columns-default is-cropped wp-block-gallery-2 is-layout-flex wp-block-gallery-is-layout-flex\">\n<figure class=\"wp-block-image size-full\"><img loading=\"lazy\" decoding=\"async\" width=\"950\" height=\"640\" data-id=\"318\" src=\"https:\/\/www.hotelchateauverdon.fr\/wp-content\/uploads\/2023\/09\/DSC_0276-950x640-1.jpg\" alt=\"\" class=\"wp-image-318\" srcset=\"https:\/\/www.hotelchateauverdon.fr\/wp-content\/uploads\/2023\/09\/DSC_0276-950x640-1.jpg 950w, https:\/\/www.hotelchateauverdon.fr\/wp-content\/uploads\/2023\/09\/DSC_0276-950x640-1-300x202.jpg 300w, https:\/\/www.hotelchateauverdon.fr\/wp-content\/uploads\/2023\/09\/DSC_0276-950x640-1-768x517.jpg 768w\" sizes=\"auto, (max-width: 950px) 100vw, 950px\" \/><\/figure>\n<\/figure>\n<\/div>\n\n\n\n<p class=\"has-contrast-color has-text-color has-small-font-size\"><em>Nos chambres sont situ\u00e9es au 2 \u00e8me \u00e9tage sans ascenseur cot\u00e9 ruelle.<br>Vous disposez : Connexion wifi gratuite*, Lit double 140x200cm, Salle de bain avec douche, S\u00e8che-cheveux.<\/em><\/p>\n<\/div>\n<\/div>\n\n\n\n<div class=\"wp-block-columns alignfull is-layout-flex wp-container-core-columns-is-layout-4ce6d31a wp-block-columns-is-layout-flex\" style=\"padding-top:0;padding-right:0;padding-bottom:0;padding-left:0\">\n<div class=\"wp-block-column is-layout-flow wp-block-column-is-layout-flow\" style=\"padding-right:var(--wp--preset--spacing--40);padding-left:var(--wp--preset--spacing--40)\">\n<p class=\"has-text-align-center\"><strong>Chambre Twin Standard<\/strong><\/p>\n\n\n\n<div class=\"wp-block-group has-global-padding is-layout-constrained wp-block-group-is-layout-constrained\">\n<figure class=\"wp-block-gallery has-nested-images columns-default is-cropped wp-block-gallery-3 is-layout-flex wp-block-gallery-is-layout-flex\">\n<figure class=\"wp-block-image size-full\"><img loading=\"lazy\" decoding=\"async\" width=\"950\" height=\"640\" data-id=\"313\" src=\"https:\/\/www.hotelchateauverdon.fr\/wp-content\/uploads\/2023\/09\/DSC_0303-950x640-1.jpg\" alt=\"\" class=\"wp-image-313\" srcset=\"https:\/\/www.hotelchateauverdon.fr\/wp-content\/uploads\/2023\/09\/DSC_0303-950x640-1.jpg 950w, https:\/\/www.hotelchateauverdon.fr\/wp-content\/uploads\/2023\/09\/DSC_0303-950x640-1-300x202.jpg 300w, https:\/\/www.hotelchateauverdon.fr\/wp-content\/uploads\/2023\/09\/DSC_0303-950x640-1-768x517.jpg 768w\" sizes=\"auto, (max-width: 950px) 100vw, 950px\" \/><\/figure>\n<\/figure>\n<\/div>\n\n\n\n<p class=\"has-text-align-left has-contrast-color has-text-color has-small-font-size\"><em>Chambre 1-2 personnes situ\u00e9e au premier ou au deuxi\u00e8me \u00e9tage sans ascenseur, donnant sur la charmante ruelle pi\u00e9tonne, au calme, disposant d&rsquo;une salle de bain avec douche \u00e0 l\u2019italienne, toilettes, s\u00e8che cheveux et WIFI*.<br>Cette chambre peut accueillir 2 personnes sur un volume chaleureux de 10m2 au charme proven\u00e7al, deux lits simples 90&#215;200.<\/em><\/p>\n<\/div>\n\n\n\n<div class=\"wp-block-column is-layout-flow wp-block-column-is-layout-flow\">\n<p class=\"has-text-align-center\"><strong>Chambre Double \u00c9conomique<\/strong><\/p>\n\n\n\n<div class=\"wp-block-group has-global-padding is-layout-constrained wp-block-group-is-layout-constrained\">\n<figure class=\"wp-block-gallery has-nested-images columns-3 is-cropped wp-block-gallery-4 is-layout-flex wp-block-gallery-is-layout-flex\">\n<figure class=\"wp-block-image size-full\"><img loading=\"lazy\" decoding=\"async\" width=\"950\" height=\"640\" data-id=\"312\" src=\"https:\/\/www.hotelchateauverdon.fr\/wp-content\/uploads\/2023\/09\/DSC_0292-950x640-1.jpg\" alt=\"\" class=\"wp-image-312\" srcset=\"https:\/\/www.hotelchateauverdon.fr\/wp-content\/uploads\/2023\/09\/DSC_0292-950x640-1.jpg 950w, https:\/\/www.hotelchateauverdon.fr\/wp-content\/uploads\/2023\/09\/DSC_0292-950x640-1-300x202.jpg 300w, https:\/\/www.hotelchateauverdon.fr\/wp-content\/uploads\/2023\/09\/DSC_0292-950x640-1-768x517.jpg 768w\" sizes=\"auto, (max-width: 950px) 100vw, 950px\" \/><\/figure>\n<\/figure>\n<\/div>\n\n\n\n<p class=\"has-contrast-color has-text-color has-small-font-size\"><em>Chambre 1-2 personnes situ\u00e9e au premier ou au deuxi\u00e8me \u00e9tage sans ascenseur, donnant sur la charmante ruelle pi\u00e9tonne, au calme, disposant d&rsquo;une petite salle de bain avec douche \u00e0 l\u2019italienne, toilettes, s\u00e8che cheveux<\/em> <em>et WIFI*.<br>Cette chambre peut accueillir 2 personnes sur un volume chaleureux de 10m2 au charme proven\u00e7al, lit double 140&#215;190.<\/em><\/p>\n<\/div>\n\n\n\n<div class=\"wp-block-column is-layout-flow wp-block-column-is-layout-flow\" style=\"padding-right:var(--wp--preset--spacing--40);padding-left:var(--wp--preset--spacing--40)\">\n<p class=\"has-text-align-center\"><strong>Chambre Double Type Studio<\/strong> <\/p>\n\n\n\n<div class=\"wp-block-group has-global-padding is-layout-constrained wp-block-group-is-layout-constrained\">\n<figure class=\"wp-block-gallery has-nested-images columns-default is-cropped wp-block-gallery-5 is-layout-flex wp-block-gallery-is-layout-flex\">\n<figure class=\"wp-block-image size-full\"><img loading=\"lazy\" decoding=\"async\" width=\"853\" height=\"569\" data-id=\"317\" src=\"https:\/\/www.hotelchateauverdon.fr\/wp-content\/uploads\/2023\/09\/31A8AC3B-2BC2-4259-B5C8-576FCA1BEDDF_1_105_c-edited-2.jpeg\" alt=\"\" class=\"wp-image-317\" srcset=\"https:\/\/www.hotelchateauverdon.fr\/wp-content\/uploads\/2023\/09\/31A8AC3B-2BC2-4259-B5C8-576FCA1BEDDF_1_105_c-edited-2.jpeg 853w, https:\/\/www.hotelchateauverdon.fr\/wp-content\/uploads\/2023\/09\/31A8AC3B-2BC2-4259-B5C8-576FCA1BEDDF_1_105_c-edited-2-300x200.jpeg 300w, https:\/\/www.hotelchateauverdon.fr\/wp-content\/uploads\/2023\/09\/31A8AC3B-2BC2-4259-B5C8-576FCA1BEDDF_1_105_c-edited-2-768x512.jpeg 768w\" sizes=\"auto, (max-width: 853px) 100vw, 853px\" \/><\/figure>\n<\/figure>\n<\/div>\n\n\n\n<p class=\"has-contrast-color has-text-color has-small-font-size\"><em>La chambre est situ\u00e9e au deuxi\u00e8me \u00e9tage sans ascenseur donnant sur la place du village, au calme, disposant d&rsquo;une salle de bain avec baignoire, s\u00e8che cheveux et WIFI*.<br>Cette chambre peut accueillir 3 personnes sur un volume chaleureux de 20m2 et poss\u00e9dant un lit double 140&#215;200 et un lit simple 90&#215;190<\/em>.<\/p>\n<\/div>\n<\/div>\n\n\n\n<p class=\"has-normal-font-size\" style=\"margin-top:var(--wp--preset--spacing--40);margin-right:var(--wp--preset--spacing--40);margin-bottom:var(--wp--preset--spacing--40);margin-left:var(--wp--preset--spacing--40)\"><em>WIFI*: \u00c9tant donn\u00e9 que nous sommes situ\u00e9s dans un petit village au coeur de la nature, nous ne garantissons pas une connexion WIFI stable, notamment en cas de mauvais temps (m\u00eame cas pour la t\u00e9l\u00e9vision qui est tr\u00e8s al\u00e9atoire).<\/em><\/p>\n\n\n\n<hr class=\"wp-block-separator has-text-color has-contrast-color has-alpha-channel-opacity has-contrast-background-color has-background\"\/>\n\n\n\n<div class=\"wp-block-columns alignfull is-layout-flex wp-container-core-columns-is-layout-28f84493 wp-block-columns-is-layout-flex\">\n<div class=\"wp-block-column is-layout-flow wp-block-column-is-layout-flow\">\n<p class=\"has-text-align-center has-primary-color has-text-color\"><strong>Les Options<\/strong><\/p>\n\n\n\n<p class=\"has-text-align-center has-contrast-color has-text-color has-normal-font-size\"><em><strong>Petit d\u00e9jeuner continental : 9 \u20ac<\/strong> <\/em>  <em>(croissant, pain, beurre, confiture, boisson chaude et jus de fruit)<br><strong>Animal domestique : 18 \u20ac<\/strong><\/em>  <em>(tarif par animal, valable pour tout le s\u00e9jour, peu importe la dur\u00e9e)<\/em><\/p>\n<\/div>\n\n\n\n<div class=\"wp-block-column is-layout-flow wp-block-column-is-layout-flow\">\n<p class=\"has-text-align-center has-primary-color has-text-color\"><strong>Horaires Arriv\u00e9es\/D\u00e9parts<\/strong><\/p>\n\n\n\n<p class=\"has-text-align-center has-contrast-color has-text-color has-normal-font-size\"><em><strong>Arriv\u00e9e \u00e0 partir de 15h jusqu&rsquo;\u00e0 19h.<br>D\u00e9part possible jusqu\u2019\u00e0 11h.<\/strong><\/em><br><em>Restaurant ferm\u00e9 le Jeudi soir et le Vendredi toute la journ\u00e9e: Arriv\u00e9e de 17h \u00e0 19h.<\/em><\/p>\n<\/div>\n\n\n\n<div class=\"wp-block-column is-layout-flow wp-block-column-is-layout-flow\">\n<p class=\"has-text-align-center has-primary-color has-text-color has-medium-font-size\"><strong>R\u00e9servation\/Annulation<\/strong><\/p>\n\n\n\n<p class=\"has-text-align-center has-contrast-color has-text-color has-normal-font-size\"><em>Num\u00e9ro de carte bancaire \u00e0 la r\u00e9servation sans d\u00e9bit imm\u00e9diat, le r\u00e8glement s&rsquo;effectue sur place.&nbsp;<br>Vous pouvez annuler votre r\u00e9servation sans frais jusqu&rsquo;\u00e0 8 jours avant votre arriv\u00e9e. Pass\u00e9 ce d\u00e9lai la premi\u00e8re nuit vous sera d\u00e9bit\u00e9e.<\/em><\/p>\n<\/div>\n<\/div>\n\n\n\n<div class=\"wp-block-cover alignfull is-light\" style=\"min-height:295px;aspect-ratio:unset;\"><span aria-hidden=\"true\" class=\"wp-block-cover__background has-background-dim\"><\/span><img loading=\"lazy\" decoding=\"async\" width=\"950\" height=\"640\" class=\"wp-block-cover__image-background wp-image-67\" alt=\"\" src=\"https:\/\/www.hotelchateauverdon.fr\/wp-content\/uploads\/2023\/02\/MR_139-3963_IMG-950x640-2.jpg\" style=\"object-position:30% 33%\" data-object-fit=\"cover\" data-object-position=\"30% 33%\" srcset=\"https:\/\/www.hotelchateauverdon.fr\/wp-content\/uploads\/2023\/02\/MR_139-3963_IMG-950x640-2.jpg 950w, https:\/\/www.hotelchateauverdon.fr\/wp-content\/uploads\/2023\/02\/MR_139-3963_IMG-950x640-2-300x202.jpg 300w, https:\/\/www.hotelchateauverdon.fr\/wp-content\/uploads\/2023\/02\/MR_139-3963_IMG-950x640-2-768x517.jpg 768w\" sizes=\"auto, (max-width: 950px) 100vw, 950px\" \/><div class=\"wp-block-cover__inner-container is-layout-flow wp-block-cover-is-layout-flow\">\n<p class=\"has-text-align-center has-base-color has-text-color has-large-font-size\">Le Vieux Ch\u00e2teau &#8211; Place de la Fontaine 83630 Aiguines &#8211; <strong>+33 (0)4 94 70 22 95<\/strong><\/p>\n\n\n\n<div class=\"wp-block-buttons is-content-justification-center is-layout-flex wp-container-core-buttons-is-layout-a89b3969 wp-block-buttons-is-layout-flex\">\n<div class=\"wp-block-button\"><a class=\"wp-block-button__link wp-element-button\" href=\"https:\/\/secure.reservit.com\/fo\/booking\/2\/3544\/dates?specialMode=default&amp;langcode=FR&amp;__utmz=128918670.1681663754.1.1.utmcsr%3D(direct)%7Cutmccn%3D(direct)%7Cutmcmd%3D(none)&amp;custid=2&amp;_ga=GA1.2.1521218451.1681661024&amp;hotelid=3544&amp;__utmc=128918670&amp;m=booking&amp;__utma=128918670.1521218451.1681661024.1694783706.1694846919.349\">R\u00c9SERVER MAINTENANT<\/a><\/div>\n<\/div>\n<\/div><\/div>\n\n\n\n<div class=\"wp-block-group alignfull has-background has-global-padding is-layout-constrained wp-container-core-group-is-layout-3bfa357b wp-block-group-is-layout-constrained\" style=\"background-color:#00000008;padding-top:var(--wp--preset--spacing--50);padding-right:var(--wp--preset--spacing--40);padding-bottom:var(--wp--preset--spacing--50);padding-left:var(--wp--preset--spacing--40)\">\n<div class=\"wp-block-group alignwide is-content-justification-space-between is-layout-flex wp-container-core-group-is-layout-cdd4a880 wp-block-group-is-layout-flex\">\n<div class=\"wp-block-group wp-container-content-9cfa9a5a has-global-padding is-content-justification-left is-layout-constrained wp-container-core-group-is-layout-12dd3699 wp-block-group-is-layout-constrained\">\n<p class=\"has-text-align-left\" style=\"font-size:clamp(0.875rem, 0.875rem + ((1vw - 0.2rem) * 0.059), 0.9rem);font-style:normal;font-weight:600;letter-spacing:1px;text-transform:uppercase\">Recherche<\/p>\n\n\n<form role=\"search\" method=\"get\" action=\"https:\/\/www.hotelchateauverdon.fr\/\" class=\"wp-block-search__button-outside wp-block-search__icon-button wp-block-search\"    ><label class=\"wp-block-search__label screen-reader-text\" for=\"wp-block-search__input-6\" >Search<\/label><div class=\"wp-block-search__inside-wrapper\"  style=\"width: 100%\"><input class=\"wp-block-search__input\" id=\"wp-block-search__input-6\" placeholder=\"\" value=\"\" type=\"search\" name=\"s\" required  style=\"border-width: 1px\"\/><button aria-label=\"Search\" class=\"wp-block-search__button has-icon wp-element-button\" type=\"submit\"  style=\"border-width: 1px\"><svg class=\"search-icon\" viewBox=\"0 0 24 24\" width=\"24\" height=\"24\">\n\t\t\t\t\t<path d=\"M13 5c-3.3 0-6 2.7-6 6 0 1.4.5 2.7 1.3 3.7l-3.8 3.8 1.1 1.1 3.8-3.8c1 .8 2.3 1.3 3.7 1.3 3.3 0 6-2.7 6-6S16.3 5 13 5zm0 10.5c-2.5 0-4.5-2-4.5-4.5s2-4.5 4.5-4.5 4.5 2 4.5 4.5-2 4.5-4.5 4.5z\"><\/path>\n\t\t\t\t<\/svg><\/button><\/div><\/form><\/div>\n\n\n\n<div class=\"wp-block-group is-content-justification-right is-nowrap is-layout-flex wp-container-core-group-is-layout-469b99a4 wp-block-group-is-layout-flex\">\n<div class=\"wp-block-group is-vertical is-layout-flex wp-container-core-group-is-layout-fe9cc265 wp-block-group-is-layout-flex\">\n<p class=\"has-text-align-left\" style=\"font-size:clamp(0.875rem, 0.875rem + ((1vw - 0.2rem) * 0.059), 0.9rem);font-style:normal;font-weight:600;letter-spacing:1px;text-transform:uppercase\">Suivez-nous<\/p>\n\n\n\n<div class=\"wp-block-group has-small-font-size is-vertical is-content-justification-left is-layout-flex wp-container-core-group-is-layout-32091062 wp-block-group-is-layout-flex\">\n<p><a href=\"https:\/\/www.facebook.com\/hotelduvieuxchateau\/\" data-type=\"link\" data-id=\"https:\/\/www.facebook.com\/hotelduvieuxchateau\/\">Facebook<\/a><\/p>\n\n\n\n<p><a href=\"https:\/\/www.instagram.com\/levieuxchateau_aiguines\/\" data-type=\"link\" data-id=\"https:\/\/www.instagram.com\/levieuxchateau_aiguines\/\">Instagram<\/a><\/p>\n\n\n\n<p><a href=\"https:\/\/www.google.com\/travel\/hotels\/le%20vieux%20chateau%20aiguines\/entity\/CgoIoeOQhZDwlesPEAE\/overview?q=le%20vieux%20chateau%20aiguines&amp;g2lb=2502548%2C2503771%2C2503781%2C4258168%2C4270442%2C4284970%2C4291517%2C4306835%2C4429192%2C4515404%2C4597339%2C4731329%2C4754388%2C4757164%2C4778035%2C4814050%2C4861688%2C4864715%2C4874190%2C4886082%2C4886480%2C4893075%2C4899568%2C4899570%2C4902277%2C4906019%2C4920132%2C4926165%2C4926489%2C4930751%2C4930753%2C4934308%2C4936396%2C4942347%2C4946428%2C4950242&amp;hl=fr-FR&amp;gl=fr&amp;cs=1&amp;ssta=1&amp;rp=EKHjkIWQ8JXrDxCh45CFkPCV6w84AkAASAHAAQI&amp;ictx=1&amp;sa=X&amp;utm_campaign=sharing&amp;utm_medium=link&amp;utm_source=htls&amp;ts=CAESABpICioSJjIkMHgxMmNiZjAwNzJlODEyMmQzOjB4ZmQ2NTc4MTAwYTQzMWExGgASGhIUCgcI5w8QAhgTEgcI5w8QAhgUGAEyAhAAKgQKABoA\" data-type=\"link\" data-id=\"https:\/\/www.google.com\/travel\/hotels\/le%20vieux%20chateau%20aiguines\/entity\/CgoIoeOQhZDwlesPEAE\/overview?q=le%20vieux%20chateau%20aiguines&amp;g2lb=2502548%2C2503771%2C2503781%2C4258168%2C4270442%2C4284970%2C4291517%2C4306835%2C4429192%2C4515404%2C4597339%2C4731329%2C4754388%2C4757164%2C4778035%2C4814050%2C4861688%2C4864715%2C4874190%2C4886082%2C4886480%2C4893075%2C4899568%2C4899570%2C4902277%2C4906019%2C4920132%2C4926165%2C4926489%2C4930751%2C4930753%2C4934308%2C4936396%2C4942347%2C4946428%2C4950242&amp;hl=fr-FR&amp;gl=fr&amp;cs=1&amp;ssta=1&amp;rp=EKHjkIWQ8JXrDxCh45CFkPCV6w84AkAASAHAAQI&amp;ictx=1&amp;sa=X&amp;utm_campaign=sharing&amp;utm_medium=link&amp;utm_source=htls&amp;ts=CAESABpICioSJjIkMHgxMmNiZjAwNzJlODEyMmQzOjB4ZmQ2NTc4MTAwYTQzMWExGgASGhIUCgcI5w8QAhgTEgcI5w8QAhgUGAEyAhAAKgQKABoA\">Google<\/a><\/p>\n<\/div>\n<\/div>\n<\/div>\n<\/div>\n\n\n\n<div style=\"height:48px\" aria-hidden=\"true\" class=\"wp-block-spacer\"><\/div>\n\n\n\n<div class=\"wp-block-group alignwide is-content-justification-space-between is-layout-flex wp-container-core-group-is-layout-b585a4aa wp-block-group-is-layout-flex\">\n<div class=\"wp-block-group is-layout-flex wp-block-group-is-layout-flex\"><h1 class=\"wp-block-site-title has-small-font-size\"><a href=\"https:\/\/www.hotelchateauverdon.fr\" target=\"_self\" rel=\"home\">Le Vieux Ch\u00e2teau<\/a><\/h1><\/div>\n\n\n\n<p>Hotel Bar Restaurant &#8211; Aiguines &#8211; Gorges du Verdon<\/p>\n<\/div>\n<\/div>\n","protected":false},"excerpt":{"rendered":"<p>L\u2019h\u00f4tel du Vieux ch\u00e2teau, situ\u00e9 dans les&nbsp;Gorges du Verdon, au coeur du ravissant village proven\u00e7al d\u2019Aiguines, accueille depuis plus d\u2019une trentaine d\u2019ann\u00e9es, des touristes venant du monde entier.&nbsp;En effet, ce b\u00e2timent anciennement relais de poste au XVIII\u00e8 si\u00e8cle est situ\u00e9 en face de la fontaine du village, qui permet aux passants d\u2019appr\u00e9cier \u00e0 l\u2019ombre du [&hellip;]<\/p>\n","protected":false},"author":1,"featured_media":0,"parent":0,"menu_order":0,"comment_status":"closed","ping_status":"closed","template":"","meta":{"footnotes":""},"class_list":["post-23","page","type-page","status-publish","hentry"],"_links":{"self":[{"href":"https:\/\/www.hotelchateauverdon.fr\/index.php\/wp-json\/wp\/v2\/pages\/23","targetHints":{"allow":["GET"]}}],"collection":[{"href":"https:\/\/www.hotelchateauverdon.fr\/index.php\/wp-json\/wp\/v2\/pages"}],"about":[{"href":"https:\/\/www.hotelchateauverdon.fr\/index.php\/wp-json\/wp\/v2\/types\/page"}],"author":[{"embeddable":true,"href":"https:\/\/www.hotelchateauverdon.fr\/index.php\/wp-json\/wp\/v2\/users\/1"}],"replies":[{"embeddable":true,"href":"https:\/\/www.hotelchateauverdon.fr\/index.php\/wp-json\/wp\/v2\/comments?post=23"}],"version-history":[{"count":22,"href":"https:\/\/www.hotelchateauverdon.fr\/index.php\/wp-json\/wp\/v2\/pages\/23\/revisions"}],"predecessor-version":[{"id":339,"href":"https:\/\/www.hotelchateauverdon.fr\/index.php\/wp-json\/wp\/v2\/pages\/23\/revisions\/339"}],"wp:attachment":[{"href":"https:\/\/www.hotelchateauverdon.fr\/index.php\/wp-json\/wp\/v2\/media?parent=23"}],"curies":[{"name":"wp","href":"https:\/\/api.w.org\/{rel}","templated":true}]}}